{"id":2871,"date":"2024-10-15T15:52:41","date_gmt":"2024-10-15T13:52:41","guid":{"rendered":"https:\/\/zug-webshop.fishven.com\/?page_id=2871"},"modified":"2024-10-21T03:55:38","modified_gmt":"2024-10-21T01:55:38","slug":"impressum-aegeri","status":"publish","type":"page","link":"https:\/\/aegeri-webshop.fishven.com\/en\/impressum-aegeri\/","title":{"rendered":"Imprint"},"content":{"rendered":"<p>Publisher<br>Einwohnergemeinde Ober\u00e4geri<br>Alosenstrasse 2<br>6315 Ober\u00e4geri<br>Telefon: +41 41 723 80 00<br>E-Mail: info@oberaegeri.ch<\/p><p><br><strong>Copyright<\/strong><br>Die Weiterverwendung von Bild und Text jeglicher Art bedarf des schriftlichen Einverst\u00e4ndnis-ses der Einwohnergemeinde Ober\u00e4geri und ist nur unter Erw\u00e4hnung der Copyrightangaben zul\u00e4ssig.<\/p><p><br><strong>Auflage<\/strong><br>1. Auflage, Oktober 2024<\/p><ol class=\"wp-block-list\"><\/ol><p><\/p>","protected":false},"excerpt":{"rendered":"<p>HerausgeberEinwohnergemeinde Ober\u00e4geriAlosenstrasse 26315 Ober\u00e4geriTelefon: +41 41 723 80 00E-Mail: info@oberaegeri.ch CopyrightDie Weiterverwendung von Bild und Text jeglicher Art bedarf des schriftlichen Einverst\u00e4ndnis-ses der Einwohnergemeinde Ober\u00e4geri und ist nur unter Erw\u00e4hnung der Copyrightangaben zul\u00e4ssig. Auflage1. Auflage, Oktober 2024<\/p>","protected":false},"author":1,"featured_media":0,"parent":0,"menu_order":0,"comment_status":"closed","ping_status":"closed","template":"","meta":{"footnotes":""},"class_list":["post-2871","page","type-page","status-publish","hentry"],"jetpack_sharing_enabled":true,"_links":{"self":[{"href":"https:\/\/aegeri-webshop.fishven.com\/en\/wp-json\/wp\/v2\/pages\/2871"}],"collection":[{"href":"https:\/\/aegeri-webshop.fishven.com\/en\/wp-json\/wp\/v2\/pages"}],"about":[{"href":"https:\/\/aegeri-webshop.fishven.com\/en\/wp-json\/wp\/v2\/types\/page"}],"author":[{"embeddable":true,"href":"https:\/\/aegeri-webshop.fishven.com\/en\/wp-json\/wp\/v2\/users\/1"}],"replies":[{"embeddable":true,"href":"https:\/\/aegeri-webshop.fishven.com\/en\/wp-json\/wp\/v2\/comments?post=2871"}],"version-history":[{"count":1,"href":"https:\/\/aegeri-webshop.fishven.com\/en\/wp-json\/wp\/v2\/pages\/2871\/revisions"}],"predecessor-version":[{"id":2872,"href":"https:\/\/aegeri-webshop.fishven.com\/en\/wp-json\/wp\/v2\/pages\/2871\/revisions\/2872"}],"wp:attachment":[{"href":"https:\/\/aegeri-webshop.fishven.com\/en\/wp-json\/wp\/v2\/media?parent=2871"}],"curies":[{"name":"wp","href":"https:\/\/api.w.org\/{rel}","templated":true}]}}