{"id":2873,"date":"2024-10-21T04:12:14","date_gmt":"2024-10-21T02:12:14","guid":{"rendered":"https:\/\/zug-webshop.fishven.com\/?page_id=2873"},"modified":"2024-10-21T04:12:38","modified_gmt":"2024-10-21T02:12:38","slug":"agb-aegerisee","status":"publish","type":"page","link":"https:\/\/aegeri-webshop.fishven.com\/en\/agb-aegerisee\/","title":{"rendered":"Allgemeine Gesch\u00e4ftsbedingungen (AGB)"},"content":{"rendered":"<p>f\u00fcr den Bezug von Produkten aus den online-Shops der Einwohnergemeinde Ober\u00e4geri.<\/p><p><strong>Anwendungsbereich und Geltung<\/strong><\/p><p>Nachfolgende Bestimmungen gelten f\u00fcr den Bezug von Fischereipatenten \u00fcber den online-Shop der Einwohnergemeinde Ober\u00e4geri. Der Onlineshop ist unter folgender URL erreichbar:<\/p><figure class=\"wp-block-embed\"><div class=\"wp-block-embed__wrapper\">\nhttps:\/\/aegeri-webshop.fishven.com\n<\/div><\/figure><p>Mit dem Bezug eines Produktes \u00fcber den oben genannten online-Shop akzeptiert die Kundin\/der Kunde diese Bestimmungen. Die Einwohnergemeinde Ober\u00e4geri beh\u00e4lt sich das Recht vor, die AGB zu \u00e4ndern. Massgebend ist jeweils die zum Zeitpunkt der Bestellung geltende Auflage der AGB, welche f\u00fcr diese Bestellung nicht einseitig ge\u00e4ndert werden kann.<\/p><p><strong>Bedingungen<\/strong><\/p><p>Die Voraussetzungen zum Bezug von Produkten aus dem online-Shop ergeben sich aus den anwendbaren gesetzlichen Bestimmungen. Bei Falschangaben oder Missbrauch kann die Einwohnergemeinde Ober\u00e4geri erteilte Fischereipatente entziehen und eine Bewerberin\/einen Bewerber vom Bezug weiterer Patente ausschliessen und\/oder eine Strafverfolgung einleiten.<\/p><p><strong>Zustellung und Gefahrentragung<\/strong><\/p><p>Produkte, die sich weder direkt \u00fcber die einzelnen Internetseiten herunterladen und drucken lassen noch elektronisch zugestellt werden k\u00f6nnen, werden der Kundin\/dem Kunden per Post zugestellt. Das Herunterladen, das Drucken, die elektronische \u00dcbermittlung sowie die Zustellung erfolgen auf Gefahr der Kundin\/des Kunden.<\/p><p><strong>Preisangaben<\/strong><\/p><p>Die jeweils g\u00fcltigen Preise oder Geb\u00fchren pro Produkt und Dienstleistung sind im jeweiligen Bestelldialogfenster ersichtlich. Die Preise verstehen sich in Schweizer Franken und inklusive der gesetzlichen Umsatz- bzw. Mehrwertsteuer. Die Korrektur von Irrt\u00fcmern und Preis\u00e4nderungen bleibt vorbehalten. Die Einwohnergemeinde Ober\u00e4geri \u00fcbernimmt keine Haftung f\u00fcr die Richtigkeit, Vollst\u00e4ndigkeit und Aktualit\u00e4t der auf den Internetseiten publizierten Informationen, Preise und dergleichen.<\/p><p><strong>Zahlungsarten<\/strong><\/p><p>F\u00fcr Bez\u00fcge aus dem online-Shop werden folgende Zahlungsmittel akzeptiert und die Zahlungssicherheit ist garantiert:<\/p><p>\u2022 MasterCard<br>\u2022 Debit MasterCard<br>\u2022 Visa<br>\u2022 Visa Debit<br>\u2022 Diners Club\/Discovery<br>\u2022 Twint<\/p><p>Eine Bestellung auf Rechnung ist nicht m\u00f6glich.<\/p><p><strong>Umtausch und R\u00fcckerstattungen<\/strong><\/p><p>Sobald die Bestellung mit einer E-Mail best\u00e4tigt wird, ist sie verbindlich. Umtausch, R\u00fcckerstattungen oder \u00c4nderungen sind ausgeschlossen. Nicht genutzte Patente werden weder zur\u00fcckerstattet noch umgetauscht.<\/p><p><strong>Haftung<\/strong><\/p><p>Der Bezug eines Fischereipatentes f\u00e4llt unter \u00f6ffentliches Recht. Die Haftung der Einwohnergemeinde Ober\u00e4geri richtet sich nach dem Gesetz \u00fcber die Verantwortlichkeit der Gemeinden, Beh\u00f6rdenmitglieder und Beamten vom 1. Februar 1979 (Verantwortlichkeitsgesetz; BGS 154.11).<\/p><p><strong>Haftungsausschluss<\/strong><\/p><p>Die Einwohnergemeinde Ober\u00e4geri haftet nicht f\u00fcr durch \u00dcbermittlungsfehler, technische M\u00e4ngel oder durch rechtswidrige Eingriffe verursachte Sch\u00e4den, ungeachtet des Ortes und der Art der Beeintr\u00e4chtigung. Ausgeschlossen ist weiter eine Haftung f\u00fcr Sch\u00e4den infolge von St\u00f6rungen, Unterbr\u00fcchen (inkl. systembedingte Wartungsarbeiten) oder \u00dcberlastung von EDV-Systemen und f\u00fcr direkte oder indirekte Sch\u00e4den (Folgesch\u00e4den), die sich im Zusammenhang mit dem Abruf der Leistungen oder Abfragen ergeben.<\/p><p>Der Haftungsausschluss gilt auch f\u00fcr Sch\u00e4den, die durch Verkn\u00fcpfungen (Links) mit anderen Webseiten entstehen. Die Einwohnergemeinde Ober\u00e4geri weist insbesondere darauf hin, dass beim Anklicken von Verkn\u00fcpfungen (Links) gegebenenfalls die Website der Einwohnergemeinde Ober\u00e4geri verlassen wird und dass die verkn\u00fcpften Internetseiten weder gepr\u00fcft sind noch eine Verantwortung f\u00fcr deren Inhalte, Produkte, Dienstleistungen oder andere Angebote \u00fcbernommen wird. Beanstandungen und M\u00e4ngel der gelieferten Produkte sind innert f\u00fcnf Tagen nach dem Herunterladen bzw. nach der Zustellung telefonisch (+41 41 723 80 00) oder per E-Mail (info@oberaegeri.ch) zu melden. F\u00fcr die Behebung von M\u00e4ngeln, die durch Fehler beim Bestellen verursacht wurden, kann eine Bearbeitungsgeb\u00fchr erhoben werden. Beanstandungen betreffend die Verf\u00fcgbarkeit und Funktionst\u00fcchtigkeit der Internetseiten der Einwohnergemeinde Ober\u00e4geri sind an folgende Stelle zu richten:<\/p><p>Einwohnergemeinde Ober\u00e4geri, Alosenstrasse 2, 6315 Ober\u00e4geri, +41 41 723 80 00, info@oberaegeri.ch<\/p><p><strong>Datenschutz<\/strong><\/p><p>Kundinnen und Kunden erkl\u00e4ren sich durch die Ausl\u00f6sung der elektronischen Bestellung oder dem Herunterladen von Produkten mit der nachfolgend beschriebenen Bearbeitung ihrer Daten einverstanden: Bei der elektronischen Bestellung oder dem Herunterladen von Produkten oder Dienstleistungen werden nur zwingend n\u00f6tige Daten erhoben. Diese werden ausschliesslich den mit der Pr\u00fcfung und der Abwicklung des Auftrages betrauten Stellen unter Einhaltung der einschl\u00e4gigen Datenschutzgesetzgebung und unter Beachtung der gebotenen Sorgfalt und \u2013 soweit notwendig \u2013 den von der Einwohnergemeinde Ober\u00e4geri beauftragten Firmen (Support, Wartung) zur Verf\u00fcgung gestellt. Die Daten werden nur im erforderlichen Umfang gespeichert. Aus Gr\u00fcnden des Kundendienstes sowie zur Steigerung des Kundennutzens des Internetangebotes der Einwohnergemeinde Ober\u00e4geri kann auf einzelnen Internetseiten um freiwillige Angabe von Daten gebeten werden. Auch diese Daten werden mit aller Sorgfalt und unter Einhaltung der einschl\u00e4gigen Datenschutzgesetzgebung behandelt und nur gem\u00e4ss den vorstehenden Ausf\u00fchrungen an Dritte weitergegeben. Der gesamte Prozess in den online-Shops ist durch eine HTTPS-Verbindung gesichert. Die Transaktion zu den Kreditkartengesellschaften ist PCI-DSS zertifiziert. Die massgeblichen Transaktionsdaten werden so lange gespeichert, wie dies f\u00fcr die vollst\u00e4ndige Abwicklung der Transaktion und die Einhaltung der gesetzlichen und buchhalterischen Vorschriften erforderlich ist. Der Kunde kann seine gespeicherten Daten selber einsehen und gegebenenfalls aktualisieren. Weitere Hinweise finden Sie auf der Internetseite Fachstelle f\u00fcr Datenschutz Kanton Zug.<\/p><p><strong>Anwendbares Recht und Gerichtsstand<\/strong><\/p><p>Vorbeh\u00e4ltlich anderslautender zwingender Gesetzesbestimmungen unterstehen die allgemeinen Gesch\u00e4ftsbedingungen und das daraus resultierende Rechtsverh\u00e4ltnis mit den Kundinnen und Kunden ausschliesslich schweizerischem Recht. Gerichtsstand ist Zug. Zwingende anderslautende Gerichtsstandsvorschriften bleiben ausdr\u00fccklich vorbehalten.<\/p><p><\/p>","protected":false},"excerpt":{"rendered":"<p>f\u00fcr den Bezug von Produkten aus den online-Shops der Einwohnergemeinde Ober\u00e4geri. Anwendungsbereich und Geltung Nachfolgende Bestimmungen gelten f\u00fcr den Bezug von Fischereipatenten \u00fcber den online-Shop der Einwohnergemeinde Ober\u00e4geri. Der Onlineshop ist unter folgender URL erreichbar: Mit dem Bezug eines Produktes \u00fcber den oben genannten online-Shop akzeptiert die Kundin\/der Kunde diese Bestimmungen. Die Einwohnergemeinde Ober\u00e4geri beh\u00e4lt [&hellip;]<\/p>\n","protected":false},"author":1,"featured_media":0,"parent":0,"menu_order":0,"comment_status":"closed","ping_status":"closed","template":"","meta":{"footnotes":""},"class_list":["post-2873","page","type-page","status-publish","hentry"],"jetpack_sharing_enabled":true,"_links":{"self":[{"href":"https:\/\/aegeri-webshop.fishven.com\/en\/wp-json\/wp\/v2\/pages\/2873"}],"collection":[{"href":"https:\/\/aegeri-webshop.fishven.com\/en\/wp-json\/wp\/v2\/pages"}],"about":[{"href":"https:\/\/aegeri-webshop.fishven.com\/en\/wp-json\/wp\/v2\/types\/page"}],"author":[{"embeddable":true,"href":"https:\/\/aegeri-webshop.fishven.com\/en\/wp-json\/wp\/v2\/users\/1"}],"replies":[{"embeddable":true,"href":"https:\/\/aegeri-webshop.fishven.com\/en\/wp-json\/wp\/v2\/comments?post=2873"}],"version-history":[{"count":2,"href":"https:\/\/aegeri-webshop.fishven.com\/en\/wp-json\/wp\/v2\/pages\/2873\/revisions"}],"predecessor-version":[{"id":2875,"href":"https:\/\/aegeri-webshop.fishven.com\/en\/wp-json\/wp\/v2\/pages\/2873\/revisions\/2875"}],"wp:attachment":[{"href":"https:\/\/aegeri-webshop.fishven.com\/en\/wp-json\/wp\/v2\/media?parent=2873"}],"curies":[{"name":"wp","href":"https:\/\/api.w.org\/{rel}","templated":true}]}}